{"id":851,"date":"2025-02-26T08:43:31","date_gmt":"2025-02-26T08:43:31","guid":{"rendered":"https:\/\/www.lda.studio\/our-team\/"},"modified":"2025-10-23T16:05:13","modified_gmt":"2025-10-23T16:05:13","slug":"our-team","status":"publish","type":"page","link":"https:\/\/www.lda.studio\/en\/our-team\/","title":{"rendered":"Our Team"},"content":{"rendered":"\t\t<div data-elementor-type=\"wp-page\" data-elementor-id=\"851\" class=\"elementor elementor-851 elementor-17\" data-elementor-post-type=\"page\">\n\t\t\t\t<div class=\"elementor-element elementor-element-8f5c28e e-con-full e-flex e-con e-parent\" data-id=\"8f5c28e\" data-element_type=\"container\" data-e-type=\"container\" data-settings=\"{&quot;jet_parallax_layout_list&quot;:[]}\">\n\t\t\t\t<div class=\"elementor-element elementor-element-54da9d5 elementor-widget__width-initial elementor-widget-divider--view-line elementor-widget elementor-widget-divider\" data-id=\"54da9d5\" data-element_type=\"widget\" data-e-type=\"widget\" data-widget_type=\"divider.default\">\n\t\t\t\t\t\t\t<div class=\"elementor-divider\">\n\t\t\t<span class=\"elementor-divider-separator\">\n\t\t\t\t\t\t<\/span>\n\t\t<\/div>\n\t\t\t\t\t\t<\/div>\n\t\t<div class=\"elementor-element elementor-element-9b3bac8 e-flex e-con-boxed e-con e-child\" data-id=\"9b3bac8\" data-element_type=\"container\" data-e-type=\"container\" data-settings=\"{&quot;jet_parallax_layout_list&quot;:[]}\">\n\t\t\t\t\t<div class=\"e-con-inner\">\n\t\t\t\t<div class=\"elementor-element elementor-element-a09c550 elementor-widget__width-initial elementor-widget-tablet__width-initial elementor-widget-mobile__width-initial elementor-widget elementor-widget-heading\" data-id=\"a09c550\" data-element_type=\"widget\" data-e-type=\"widget\" data-widget_type=\"heading.default\">\n\t\t\t\t\t<h1 class=\"elementor-heading-title elementor-size-default\">Our Team<\/h1>\t\t\t\t<\/div>\n\t\t\t\t<div class=\"elementor-element elementor-element-80d1def elementor-widget__width-inherit elementor-widget elementor-widget-spacer\" data-id=\"80d1def\" data-element_type=\"widget\" data-e-type=\"widget\" data-widget_type=\"spacer.default\">\n\t\t\t\t\t\t\t<div class=\"elementor-spacer\">\n\t\t\t<div class=\"elementor-spacer-inner\"><\/div>\n\t\t<\/div>\n\t\t\t\t\t\t<\/div>\n\t\t<div class=\"elementor-element elementor-element-950ef44 e-con-full e-flex e-con e-child\" data-id=\"950ef44\" data-element_type=\"container\" data-e-type=\"container\" data-settings=\"{&quot;jet_parallax_layout_list&quot;:[]}\">\n\t\t\t\t<div class=\"elementor-element elementor-element-5185aaa elementor-widget elementor-widget-image\" data-id=\"5185aaa\" data-element_type=\"widget\" data-e-type=\"widget\" data-widget_type=\"image.default\">\n\t\t\t\t\t\t\t\t\t\t\t\t\t\t\t<img fetchpriority=\"high\" decoding=\"async\" width=\"505\" height=\"650\" src=\"https:\/\/www.lda.studio\/wp-content\/uploads\/2025\/02\/Ceren-Toray.jpg\" class=\"attachment-full size-full wp-image-692\" alt=\"Ceren Toray\" srcset=\"https:\/\/www.lda.studio\/wp-content\/uploads\/2025\/02\/Ceren-Toray.jpg 505w, https:\/\/www.lda.studio\/wp-content\/uploads\/2025\/02\/Ceren-Toray-233x300.jpg 233w\" sizes=\"(max-width: 505px) 100vw, 505px\" \/>\t\t\t\t\t\t\t\t\t\t\t\t\t\t\t<\/div>\n\t\t\t\t<div class=\"elementor-element elementor-element-904452a elementor-widget elementor-widget-heading\" data-id=\"904452a\" data-element_type=\"widget\" data-e-type=\"widget\" data-widget_type=\"heading.default\">\n\t\t\t\t\t<span class=\"elementor-heading-title elementor-size-default\">Ceren TORAY<\/span>\t\t\t\t<\/div>\n\t\t\t\t<div class=\"elementor-element elementor-element-5d60593 elementor-widget elementor-widget-text-editor\" data-id=\"5d60593\" data-element_type=\"widget\" data-e-type=\"widget\" data-widget_type=\"text-editor.default\">\n\t\t\t\t\t\t\t\t\t<p>General Manager<\/p>\t\t\t\t\t\t\t\t<\/div>\n\t\t\t\t<\/div>\n\t\t<div class=\"elementor-element elementor-element-fbc8d68 e-con-full e-flex e-con e-child\" data-id=\"fbc8d68\" data-element_type=\"container\" data-e-type=\"container\" data-settings=\"{&quot;jet_parallax_layout_list&quot;:[]}\">\n\t\t\t\t<div class=\"elementor-element elementor-element-42453fe elementor-widget elementor-widget-image\" data-id=\"42453fe\" data-element_type=\"widget\" data-e-type=\"widget\" data-widget_type=\"image.default\">\n\t\t\t\t\t\t\t\t\t\t\t\t\t\t\t<img decoding=\"async\" width=\"505\" height=\"650\" src=\"https:\/\/www.lda.studio\/wp-content\/uploads\/2025\/02\/Iskender-Efe-Toray.jpg\" class=\"attachment-full size-full wp-image-694\" alt=\"\u0130skender Efe TORAY\" srcset=\"https:\/\/www.lda.studio\/wp-content\/uploads\/2025\/02\/Iskender-Efe-Toray.jpg 505w, https:\/\/www.lda.studio\/wp-content\/uploads\/2025\/02\/Iskender-Efe-Toray-233x300.jpg 233w\" sizes=\"(max-width: 505px) 100vw, 505px\" \/>\t\t\t\t\t\t\t\t\t\t\t\t\t\t\t<\/div>\n\t\t\t\t<div class=\"elementor-element elementor-element-80e90c7 elementor-widget elementor-widget-heading\" data-id=\"80e90c7\" data-element_type=\"widget\" data-e-type=\"widget\" data-widget_type=\"heading.default\">\n\t\t\t\t\t<span class=\"elementor-heading-title elementor-size-default\">\u0130skender Efe TORAY<\/span>\t\t\t\t<\/div>\n\t\t\t\t<div class=\"elementor-element elementor-element-6b16ad5 elementor-widget elementor-widget-text-editor\" data-id=\"6b16ad5\" data-element_type=\"widget\" data-e-type=\"widget\" data-widget_type=\"text-editor.default\">\n\t\t\t\t\t\t\t\t\t<p>Project Manager<\/p>\t\t\t\t\t\t\t\t<\/div>\n\t\t\t\t<\/div>\n\t\t<div class=\"elementor-element elementor-element-6d8d840 e-con-full e-flex e-con e-child\" data-id=\"6d8d840\" data-element_type=\"container\" data-e-type=\"container\" data-settings=\"{&quot;jet_parallax_layout_list&quot;:[]}\">\n\t\t\t\t<div class=\"elementor-element elementor-element-4463731 elementor-widget elementor-widget-image\" data-id=\"4463731\" data-element_type=\"widget\" data-e-type=\"widget\" data-widget_type=\"image.default\">\n\t\t\t\t\t\t\t\t\t\t\t\t\t\t\t<img decoding=\"async\" width=\"505\" height=\"650\" src=\"https:\/\/www.lda.studio\/wp-content\/uploads\/2025\/02\/Mehmet-Aridogan.jpg\" class=\"attachment-full size-full wp-image-695\" alt=\"Mehmet ARIDO\u011eAN\" srcset=\"https:\/\/www.lda.studio\/wp-content\/uploads\/2025\/02\/Mehmet-Aridogan.jpg 505w, https:\/\/www.lda.studio\/wp-content\/uploads\/2025\/02\/Mehmet-Aridogan-233x300.jpg 233w\" sizes=\"(max-width: 505px) 100vw, 505px\" \/>\t\t\t\t\t\t\t\t\t\t\t\t\t\t\t<\/div>\n\t\t\t\t<div class=\"elementor-element elementor-element-918dc97 elementor-widget elementor-widget-heading\" data-id=\"918dc97\" data-element_type=\"widget\" data-e-type=\"widget\" data-widget_type=\"heading.default\">\n\t\t\t\t\t<span class=\"elementor-heading-title elementor-size-default\">Mehmet ARIDO\u011eAN<\/span>\t\t\t\t<\/div>\n\t\t\t\t<div class=\"elementor-element elementor-element-fd95725 elementor-widget elementor-widget-text-editor\" data-id=\"fd95725\" data-element_type=\"widget\" data-e-type=\"widget\" data-widget_type=\"text-editor.default\">\n\t\t\t\t\t\t\t\t\t<p>Architect &#8211; 3D and Animation<\/p>\t\t\t\t\t\t\t\t<\/div>\n\t\t\t\t<\/div>\n\t\t<div class=\"elementor-element elementor-element-ca1e0a4 e-con-full e-flex e-con e-child\" data-id=\"ca1e0a4\" data-element_type=\"container\" data-e-type=\"container\" data-settings=\"{&quot;jet_parallax_layout_list&quot;:[]}\">\n\t\t\t\t<div class=\"elementor-element elementor-element-238dd9e elementor-widget elementor-widget-image\" data-id=\"238dd9e\" data-element_type=\"widget\" data-e-type=\"widget\" data-widget_type=\"image.default\">\n\t\t\t\t\t\t\t\t\t\t\t\t\t\t\t<img loading=\"lazy\" decoding=\"async\" width=\"505\" height=\"650\" src=\"https:\/\/www.lda.studio\/wp-content\/uploads\/2025\/02\/Serkan-Nurman.jpg\" class=\"attachment-full size-full wp-image-697\" alt=\"\" srcset=\"https:\/\/www.lda.studio\/wp-content\/uploads\/2025\/02\/Serkan-Nurman.jpg 505w, https:\/\/www.lda.studio\/wp-content\/uploads\/2025\/02\/Serkan-Nurman-233x300.jpg 233w\" sizes=\"(max-width: 505px) 100vw, 505px\" \/>\t\t\t\t\t\t\t\t\t\t\t\t\t\t\t<\/div>\n\t\t\t\t<div class=\"elementor-element elementor-element-d7b2c07 elementor-widget elementor-widget-heading\" data-id=\"d7b2c07\" data-element_type=\"widget\" data-e-type=\"widget\" data-widget_type=\"heading.default\">\n\t\t\t\t\t<span class=\"elementor-heading-title elementor-size-default\">Serkan NURMAN<\/span>\t\t\t\t<\/div>\n\t\t\t\t<div class=\"elementor-element elementor-element-f1c6880 elementor-widget elementor-widget-text-editor\" data-id=\"f1c6880\" data-element_type=\"widget\" data-e-type=\"widget\" data-widget_type=\"text-editor.default\">\n\t\t\t\t\t\t\t\t\t<p>BIM Specialist &#8211; Technical Draftsman<\/p>\t\t\t\t\t\t\t\t<\/div>\n\t\t\t\t<\/div>\n\t\t<div class=\"elementor-element elementor-element-6a20b3c e-con-full e-flex e-con e-child\" data-id=\"6a20b3c\" data-element_type=\"container\" data-e-type=\"container\" data-settings=\"{&quot;jet_parallax_layout_list&quot;:[]}\">\n\t\t\t\t<div class=\"elementor-element elementor-element-5c0577b elementor-widget elementor-widget-image\" data-id=\"5c0577b\" data-element_type=\"widget\" data-e-type=\"widget\" data-widget_type=\"image.default\">\n\t\t\t\t\t\t\t\t\t\t\t\t\t\t\t<img loading=\"lazy\" decoding=\"async\" width=\"505\" height=\"650\" src=\"https:\/\/www.lda.studio\/wp-content\/uploads\/2025\/02\/Dogan-Aridogan.jpg\" class=\"attachment-full size-full wp-image-693\" alt=\"Do\u011fan ARIDO\u011eAN\" srcset=\"https:\/\/www.lda.studio\/wp-content\/uploads\/2025\/02\/Dogan-Aridogan.jpg 505w, https:\/\/www.lda.studio\/wp-content\/uploads\/2025\/02\/Dogan-Aridogan-233x300.jpg 233w\" sizes=\"(max-width: 505px) 100vw, 505px\" \/>\t\t\t\t\t\t\t\t\t\t\t\t\t\t\t<\/div>\n\t\t\t\t<div class=\"elementor-element elementor-element-1a71d05 elementor-widget elementor-widget-heading\" data-id=\"1a71d05\" data-element_type=\"widget\" data-e-type=\"widget\" data-widget_type=\"heading.default\">\n\t\t\t\t\t<span class=\"elementor-heading-title elementor-size-default\">Do\u011fan ARIDO\u011eAN<\/span>\t\t\t\t<\/div>\n\t\t\t\t<div class=\"elementor-element elementor-element-421e1e0 elementor-widget elementor-widget-text-editor\" data-id=\"421e1e0\" data-element_type=\"widget\" data-e-type=\"widget\" data-widget_type=\"text-editor.default\">\n\t\t\t\t\t\t\t\t\t<p>R&amp;D Engineer<\/p>\t\t\t\t\t\t\t\t<\/div>\n\t\t\t\t<\/div>\n\t\t<div class=\"elementor-element elementor-element-6c7c9d4 e-con-full e-flex e-con e-child\" data-id=\"6c7c9d4\" data-element_type=\"container\" data-e-type=\"container\" data-settings=\"{&quot;jet_parallax_layout_list&quot;:[]}\">\n\t\t\t\t<div class=\"elementor-element elementor-element-3395467 elementor-widget elementor-widget-image\" data-id=\"3395467\" data-element_type=\"widget\" data-e-type=\"widget\" data-widget_type=\"image.default\">\n\t\t\t\t\t\t\t\t\t\t\t\t\t\t\t<img loading=\"lazy\" decoding=\"async\" width=\"505\" height=\"650\" src=\"https:\/\/www.lda.studio\/wp-content\/uploads\/2025\/02\/Zafer-Yilmaz.jpg\" class=\"attachment-full size-full wp-image-698\" alt=\"Zafer YILMAZ\" srcset=\"https:\/\/www.lda.studio\/wp-content\/uploads\/2025\/02\/Zafer-Yilmaz.jpg 505w, https:\/\/www.lda.studio\/wp-content\/uploads\/2025\/02\/Zafer-Yilmaz-233x300.jpg 233w\" sizes=\"(max-width: 505px) 100vw, 505px\" \/>\t\t\t\t\t\t\t\t\t\t\t\t\t\t\t<\/div>\n\t\t\t\t<div class=\"elementor-element elementor-element-c3bf7b3 elementor-widget elementor-widget-heading\" data-id=\"c3bf7b3\" data-element_type=\"widget\" data-e-type=\"widget\" data-widget_type=\"heading.default\">\n\t\t\t\t\t<span class=\"elementor-heading-title elementor-size-default\">Zafer YILMAZ<\/span>\t\t\t\t<\/div>\n\t\t\t\t<div class=\"elementor-element elementor-element-bfe5bc9 elementor-widget elementor-widget-text-editor\" data-id=\"bfe5bc9\" data-element_type=\"widget\" data-e-type=\"widget\" data-widget_type=\"text-editor.default\">\n\t\t\t\t\t\t\t\t\t<p>Electronic Technology Engineer<\/p>\t\t\t\t\t\t\t\t<\/div>\n\t\t\t\t<\/div>\n\t\t<div class=\"elementor-element elementor-element-49c7376 e-con-full elementor-hidden-mobile e-flex e-con e-child\" data-id=\"49c7376\" data-element_type=\"container\" data-e-type=\"container\" data-settings=\"{&quot;jet_parallax_layout_list&quot;:[]}\">\n\t\t\t\t<\/div>\n\t\t<div class=\"elementor-element elementor-element-20495e7 e-con-full elementor-hidden-mobile e-flex e-con e-child\" data-id=\"20495e7\" data-element_type=\"container\" data-e-type=\"container\" data-settings=\"{&quot;jet_parallax_layout_list&quot;:[]}\">\n\t\t\t\t<\/div>\n\t\t\t\t\t<\/div>\n\t\t\t\t<\/div>\n\t\t\t\t<\/div>\n\t\t\t\t<\/div>\n\t\t","protected":false},"excerpt":{"rendered":"<p>Ceren TORAY General Manager \u0130skender Efe TORAY Project Manager Mehmet ARIDO\u011eAN Architect &#8211; 3D and Animation Serkan NURMAN BIM Specialist &#8211; Technical Draftsman Do\u011fan ARIDO\u011eAN R&amp;D Engineer Zafer YILMAZ Electronic Technology Engineer<\/p>\n","protected":false},"author":1,"featured_media":0,"parent":0,"menu_order":0,"comment_status":"closed","ping_status":"closed","template":"","meta":{"footnotes":""},"class_list":["post-851","page","type-page","status-publish","hentry"],"_links":{"self":[{"href":"https:\/\/www.lda.studio\/en\/wp-json\/wp\/v2\/pages\/851","targetHints":{"allow":["GET"]}}],"collection":[{"href":"https:\/\/www.lda.studio\/en\/wp-json\/wp\/v2\/pages"}],"about":[{"href":"https:\/\/www.lda.studio\/en\/wp-json\/wp\/v2\/types\/page"}],"author":[{"embeddable":true,"href":"https:\/\/www.lda.studio\/en\/wp-json\/wp\/v2\/users\/1"}],"replies":[{"embeddable":true,"href":"https:\/\/www.lda.studio\/en\/wp-json\/wp\/v2\/comments?post=851"}],"version-history":[{"count":3,"href":"https:\/\/www.lda.studio\/en\/wp-json\/wp\/v2\/pages\/851\/revisions"}],"predecessor-version":[{"id":912,"href":"https:\/\/www.lda.studio\/en\/wp-json\/wp\/v2\/pages\/851\/revisions\/912"}],"wp:attachment":[{"href":"https:\/\/www.lda.studio\/en\/wp-json\/wp\/v2\/media?parent=851"}],"curies":[{"name":"wp","href":"https:\/\/api.w.org\/{rel}","templated":true}]}}